{"id":2,"date":"2025-06-18T21:25:47","date_gmt":"2025-06-18T21:25:47","guid":{"rendered":"https:\/\/eloficio.cl\/?page_id=2"},"modified":"2025-08-02T01:53:21","modified_gmt":"2025-08-02T01:53:21","slug":"proyecto","status":"publish","type":"page","link":"https:\/\/eloficio.cl\/index.php\/proyecto\/","title":{"rendered":"Proyecto"},"content":{"rendered":"\t\t<div data-elementor-type=\"wp-page\" data-elementor-id=\"2\" class=\"elementor elementor-2\">\n\t\t\t\t<div class=\"elementor-element elementor-element-3668d38 e-con-full e-flex e-con e-parent\" data-id=\"3668d38\" data-element_type=\"container\" data-e-type=\"container\">\n\t\t\t\t<div class=\"elementor-element elementor-element-9dc87ce elementor-widget elementor-widget-heading\" data-id=\"9dc87ce\" data-element_type=\"widget\" data-e-type=\"widget\" data-widget_type=\"heading.default\">\n\t\t\t\t\t<h1 class=\"elementor-heading-title elementor-size-default\">Proyecto<\/h1>\t\t\t\t<\/div>\n\t\t\t\t<div class=\"elementor-element elementor-element-501901f elementor-widget elementor-widget-spacer\" data-id=\"501901f\" data-element_type=\"widget\" data-e-type=\"widget\" data-widget_type=\"spacer.default\">\n\t\t\t\t\t\t\t<div class=\"elementor-spacer\">\n\t\t\t<div class=\"elementor-spacer-inner\"><\/div>\n\t\t<\/div>\n\t\t\t\t\t\t<\/div>\n\t\t\t\t<\/div>\n\t\t<div class=\"elementor-element elementor-element-c37699f e-flex e-con-boxed e-con e-parent\" data-id=\"c37699f\" data-element_type=\"container\" data-e-type=\"container\">\n\t\t\t\t\t<div class=\"e-con-inner\">\n\t\t\t\t<div class=\"elementor-element elementor-element-dcfeb49 elementor-widget__width-initial elementor-widget elementor-widget-video\" data-id=\"dcfeb49\" data-element_type=\"widget\" data-e-type=\"widget\" data-settings=\"{&quot;youtube_url&quot;:&quot;https:\\\/\\\/www.youtube.com\\\/watch?v=8hFso29N7SE&quot;,&quot;video_type&quot;:&quot;youtube&quot;,&quot;controls&quot;:&quot;yes&quot;}\" data-widget_type=\"video.default\">\n\t\t\t\t\t\t\t<div class=\"elementor-wrapper elementor-open-inline\">\n\t\t\t<div class=\"elementor-video\"><\/div>\t\t<\/div>\n\t\t\t\t\t\t<\/div>\n\t\t\t\t<div class=\"elementor-element elementor-element-3d733ca elementor-widget elementor-widget-text-editor\" data-id=\"3d733ca\" data-element_type=\"widget\" data-e-type=\"widget\" data-widget_type=\"text-editor.default\">\n\t\t\t\t\t\t\t\t\t<p>La palabra <em>oficio<\/em> nos parece id\u00f3nea para nombrar este sitio web en el que vamos a publicar breves textos con opiniones jur\u00eddicas. Por varias razones.\u00a0<\/p><h4><b>Roma: caso y cuesti\u00f3n jur\u00eddica<\/b><\/h4><p>Primero. Porque evoca el antiguo <em>oficio<\/em> de quien se dedica a estudiar el derecho. <em>Oficio <\/em>indica el deber o la tarea que es inherente a la funci\u00f3n o profesi\u00f3n que desempe\u00f1a el estudioso. La pr\u00e1ctica es antigua, viene de Roma y consiste en \u00abresponder\u00bb, o sea, dictaminar sobre cuestiones jur\u00eddicas que surgen de casos concretos, reales o hipot\u00e9ticos. Estas respuestas sol\u00edan luego agruparse en obras que por su contenido dieron origen a un g\u00e9nero literario, el de la \u00abliteratura problem\u00e1tica\u00bb. Esas obras, titutladas <em>Digestos<\/em>, <em>Respuestas<\/em>, <em>Cuestiones<\/em>, <em>Disputas<\/em>, eran especies de ese g\u00e9nero (\u00abliteratura problem\u00e1tica\u00bb) porque estaban dedicadas exclusivamente a problemas, a las m\u00e1s dif\u00edciles cuestiones de derecho (Schulz, 1968, p. 401). En este sentido, <em>El Oficio<\/em> es un \u00absitio web problem\u00e1tico\u00bb.<\/p><p>Para dar una respuesta hay que examinar en detalle el caso concreto. Es necesario dominar la t\u00e9cnica casu\u00edstica para poder analizar los elementos que caracterizan el hecho e interpretar el derecho, que no es otra cosa que \u00abaclarar el sentido de una norma (ley) para aplicarla a un caso concreto\u00bb (Corral, 2018, p. 155). Celso (I-II d.C.) afirma que \u201csaber las leyes no es conocer sus palabras, sino su fuerza y su poder\u201d (D. 1, 3, 17). Pensamos que se conoce la norma escrita, fuente prevalente en los ordenamientos jur\u00eddicos actuales, si se logra captar su valor y su alcance (Guzm\u00e1n, 2011, p. 200), su verdadera significaci\u00f3n. Este conocimiento de la ley, que no se limita a la forma externa de las palabras, se puede alcanzar m\u00e1s f\u00e1cilmente si se realiza el ejercicio de aplicaci\u00f3n a un caso concreto. Queremos recuperar aquella tradici\u00f3n romana. No porque seamos tradicionalistas, no nos vamos a disfrazar de romanos. Simplemente intentamos conectar, o reconectar, las distintas dimensiones de lo jur\u00eddico: valores, reglas y hechos. Cada tanto es necesario acordarse de que no hay que separarlas.<\/p><h4><b>Ciencia y realidad: servicio y mediaci\u00f3n<\/b><\/h4><p>Segundo. En franc\u00e9s (no tanto en espa\u00f1ol) la palabra <em>office<\/em> indica el servicio y la misi\u00f3n que est\u00e1 llamada a cumplir una persona por la posici\u00f3n que ocupa en la sociedad. Un estudioso del Derecho debe prestar un servicio, que \u2013natuarlmente\u2013 asume diversas formas. El que aqu\u00ed nos proponemos prestar aspira a cooperar con otros en dos sentidos:\u00a0<\/p><p style=\"padding-left: 40px;\"><span style=\"font-size: 1.125rem; background-color: transparent;\">1. <\/span><span style=\"background-color: transparent;\">Se espera que una entrada o publicaci\u00f3n (as\u00ed denominaremos a los distintos textos que aparecer\u00e1n en el sitio web) ayude a dilucidar un asunto jur\u00eddico en el que se encuentra o puede encontrarse una persona.<br \/><\/span>2. Se espera que la opini\u00f3n vertida en la entrada provoque reflexiones, adhesiones o rechazos de otros estudiosos del derecho. Estas disputas mejoran las soluciones jur\u00eddicas. El ejercicio de la discusi\u00f3n (que de manera invisible preceder\u00e1 a la elaboraci\u00f3n de las respuestas) obliga a afinar los argumentos y eso redunda en beneficio de la justicia de la soluci\u00f3n propuesta.<\/p><p>Tercero. En franc\u00e9s <em>office <\/em>tambi\u00e9n se refiere a la mediaci\u00f3n. Algo de eso resuena en la expresi\u00f3n castellana \u201cbuenos oficios\u201d, que significa \u00abmediaci\u00f3n o intervenci\u00f3n de una persona para resolver una desavenencia entre otras\u00bb (Moliner, 1998, p. 489). Los escritos que se publican en el sitio web aspiran a mediar entre realidad y ciencia jur\u00eddica, entre lo concreto y lo abstracto, entre los asuntos de la vida y las normas del ordenamiento jur\u00eddico.\u00a0 Intermediaci\u00f3n y eficacia bidireccional. De los juristas romanos, Max Kaser destaca que \u201cno son sabios idealistas, sino hombres pr\u00e1cticos que extraen sus conocimientos y su saber de la vida misma del derecho y que a su vez influyen con sus conocimientos en la pr\u00e1ctica jur\u00eddica\u201d (1982, p. 17).<\/p><h4><b>Escritura: respuestas y soluci\u00f3n justas<\/b><\/h4><p>Deber, servicio y mediaci\u00f3n. Cuarto: <em>Oficio<\/em> significa tambi\u00e9n \u00abescrito\u00bb (de ah\u00ed la pluma estilogr\u00e1fica de nuestro logo). Estamos convencidos de que escribir nos obligar\u00e1 a pensar y a su vez pensar nos ayudar\u00e1 a aclarar nuestras ideas. Aclarar las ideas es, para los estudiosos del Derecho y para cualquier intelectual, un deber. Damos respuestas porque sentimos el deber de ayudar a resolver consultas jur\u00eddicas, pero tambi\u00e9n porque eso nos sirve para conocer mejor el derecho, especialmente su fuente principal, la ley.<\/p><p>Queremos recuperar y revalorizar una actividad y el g\u00e9nero literario que se asocia a esa actividad que ha quedado postergado por otras urgencias (en algunos casos muy leg\u00edtimas y apremiantes): la de los <em>papers<\/em> (que desvela a los acad\u00e9micos), la de los comentarios de jurisprudencia (que es necesaria para conocer y criticar c\u00f3mo fallan los tribunales), la de los manuales o literatura pedag\u00f3gica (que compromete a los docentes y ayuda a formar buenos operadores jur\u00eddicos), la de los escritos procesales imprescindibles en la pr\u00e1ctica, demandas, sentencias, laudos arbitrales, etc. Todos ellos son necesarios, pero no aportan lo que con estas respuestas pretendemos aportar: responder consultas jur\u00eddicas con el \u00fanico objetivo de encontrar una soluci\u00f3n justa (la mejor posible) a un caso concreto. Por supuesto, por tal entendemos aquella que mejor capta el conflicto de intereses, que mejor aplica las normas vigentes y que mejor comprende los valores que subyacen a esas normas.<\/p><p style=\"padding-left: 40px;\">Corral, H. (2018). <em>Curso de derecho civil. Parte general<\/em>. Legal Publishing Chile.<br \/>Guilbert, L.; Lagane, R.; Niobey, G. (eds.). (1989). <em>Grand Larousse de la langue fran\u00e7aise <\/em>(tomo 5). Larousse.<br \/>Guzm\u00e1n, A. (2011). <em>Historia de la interpretaci\u00f3n de las normas en el Derecho romano<\/em> (2\u00aa ed.). Suprema Corte de Justicia de la Naci\u00f3n.<br \/>Kaser, M. (1982). <em>Derecho romano privado<\/em> (trad. esp. J. Santa Cruz Teijeiro; 2\u00aa ed.). Reus.<br \/>Moliner, M. (1998). <em>Diccionario de uso del espa\u00f1ol<\/em> (2\u00aa ed.) (vol. I-Z). Gredos.<br \/>Schulz, Fritz. (1968). <em>Storia della giurisprudenza romana <\/em>(trad. it. G. Nocera). Sansoni.<\/p>\t\t\t\t\t\t\t\t<\/div>\n\t\t\t\t\t<\/div>\n\t\t\t\t<\/div>\n\t\t\t\t<\/div>\n\t\t","protected":false},"excerpt":{"rendered":"<p>Proyecto https:\/\/www.youtube.com\/watch?v=8hFso29N7SE La palabra oficio nos parece id\u00f3nea para nombrar este sitio web en el&#8230;<\/p>\n","protected":false},"author":1,"featured_media":0,"parent":0,"menu_order":0,"comment_status":"closed","ping_status":"closed","template":"","meta":{"footnotes":""},"class_list":["post-2","page","type-page","status-publish","hentry"],"yoast_head":"<!-- This site is optimized with the Yoast SEO plugin v27.2 - https:\/\/yoast.com\/product\/yoast-seo-wordpress\/ -->\n<title>Proyecto - El Oficio<\/title>\n<meta name=\"robots\" content=\"index, follow, max-snippet:-1, max-image-preview:large, max-video-preview:-1\" \/>\n<link rel=\"canonical\" href=\"https:\/\/eloficio.cl\/index.php\/proyecto\/\" \/>\n<meta property=\"og:locale\" content=\"es_ES\" \/>\n<meta property=\"og:type\" content=\"article\" \/>\n<meta property=\"og:title\" content=\"Proyecto - El Oficio\" \/>\n<meta property=\"og:description\" content=\"Proyecto https:\/\/www.youtube.com\/watch?v=8hFso29N7SE La palabra oficio nos parece id\u00f3nea para nombrar este sitio web en el...\" \/>\n<meta property=\"og:url\" content=\"https:\/\/eloficio.cl\/index.php\/proyecto\/\" \/>\n<meta property=\"og:site_name\" content=\"El Oficio\" \/>\n<meta property=\"article:modified_time\" content=\"2025-08-02T01:53:21+00:00\" \/>\n<meta name=\"twitter:card\" content=\"summary_large_image\" \/>\n<meta name=\"twitter:label1\" content=\"Tiempo de lectura\" \/>\n\t<meta name=\"twitter:data1\" content=\"5 minutos\" \/>\n<script type=\"application\/ld+json\" class=\"yoast-schema-graph\">{\"@context\":\"https:\/\/schema.org\",\"@graph\":[{\"@type\":\"WebPage\",\"@id\":\"https:\/\/eloficio.cl\/index.php\/proyecto\/\",\"url\":\"https:\/\/eloficio.cl\/index.php\/proyecto\/\",\"name\":\"Proyecto - El Oficio\",\"isPartOf\":{\"@id\":\"https:\/\/eloficio.cl\/#website\"},\"datePublished\":\"2025-06-18T21:25:47+00:00\",\"dateModified\":\"2025-08-02T01:53:21+00:00\",\"breadcrumb\":{\"@id\":\"https:\/\/eloficio.cl\/index.php\/proyecto\/#breadcrumb\"},\"inLanguage\":\"es\",\"potentialAction\":[{\"@type\":\"ReadAction\",\"target\":[\"https:\/\/eloficio.cl\/index.php\/proyecto\/\"]}]},{\"@type\":\"BreadcrumbList\",\"@id\":\"https:\/\/eloficio.cl\/index.php\/proyecto\/#breadcrumb\",\"itemListElement\":[{\"@type\":\"ListItem\",\"position\":1,\"name\":\"Portada\",\"item\":\"https:\/\/eloficio.cl\/\"},{\"@type\":\"ListItem\",\"position\":2,\"name\":\"Proyecto\"}]},{\"@type\":\"WebSite\",\"@id\":\"https:\/\/eloficio.cl\/#website\",\"url\":\"https:\/\/eloficio.cl\/\",\"name\":\"El Oficio\",\"description\":\"\",\"publisher\":{\"@id\":\"https:\/\/eloficio.cl\/#organization\"},\"potentialAction\":[{\"@type\":\"SearchAction\",\"target\":{\"@type\":\"EntryPoint\",\"urlTemplate\":\"https:\/\/eloficio.cl\/?s={search_term_string}\"},\"query-input\":{\"@type\":\"PropertyValueSpecification\",\"valueRequired\":true,\"valueName\":\"search_term_string\"}}],\"inLanguage\":\"es\"},{\"@type\":\"Organization\",\"@id\":\"https:\/\/eloficio.cl\/#organization\",\"name\":\"El Oficio\",\"url\":\"https:\/\/eloficio.cl\/\",\"logo\":{\"@type\":\"ImageObject\",\"inLanguage\":\"es\",\"@id\":\"https:\/\/eloficio.cl\/#\/schema\/logo\/image\/\",\"url\":\"https:\/\/eloficio.cl\/wp-content\/uploads\/2025\/07\/Logotipo_El_Oficio_Baja.png\",\"contentUrl\":\"https:\/\/eloficio.cl\/wp-content\/uploads\/2025\/07\/Logotipo_El_Oficio_Baja.png\",\"width\":546,\"height\":145,\"caption\":\"El Oficio\"},\"image\":{\"@id\":\"https:\/\/eloficio.cl\/#\/schema\/logo\/image\/\"},\"sameAs\":[\"https:\/\/www.linkedin.com\/company\/el-oficio-cl\/\"]}]}<\/script>\n<!-- \/ Yoast SEO plugin. -->","yoast_head_json":{"title":"Proyecto - El Oficio","robots":{"index":"index","follow":"follow","max-snippet":"max-snippet:-1","max-image-preview":"max-image-preview:large","max-video-preview":"max-video-preview:-1"},"canonical":"https:\/\/eloficio.cl\/index.php\/proyecto\/","og_locale":"es_ES","og_type":"article","og_title":"Proyecto - El Oficio","og_description":"Proyecto https:\/\/www.youtube.com\/watch?v=8hFso29N7SE La palabra oficio nos parece id\u00f3nea para nombrar este sitio web en el...","og_url":"https:\/\/eloficio.cl\/index.php\/proyecto\/","og_site_name":"El Oficio","article_modified_time":"2025-08-02T01:53:21+00:00","twitter_card":"summary_large_image","twitter_misc":{"Tiempo de lectura":"5 minutos"},"schema":{"@context":"https:\/\/schema.org","@graph":[{"@type":"WebPage","@id":"https:\/\/eloficio.cl\/index.php\/proyecto\/","url":"https:\/\/eloficio.cl\/index.php\/proyecto\/","name":"Proyecto - El Oficio","isPartOf":{"@id":"https:\/\/eloficio.cl\/#website"},"datePublished":"2025-06-18T21:25:47+00:00","dateModified":"2025-08-02T01:53:21+00:00","breadcrumb":{"@id":"https:\/\/eloficio.cl\/index.php\/proyecto\/#breadcrumb"},"inLanguage":"es","potentialAction":[{"@type":"ReadAction","target":["https:\/\/eloficio.cl\/index.php\/proyecto\/"]}]},{"@type":"BreadcrumbList","@id":"https:\/\/eloficio.cl\/index.php\/proyecto\/#breadcrumb","itemListElement":[{"@type":"ListItem","position":1,"name":"Portada","item":"https:\/\/eloficio.cl\/"},{"@type":"ListItem","position":2,"name":"Proyecto"}]},{"@type":"WebSite","@id":"https:\/\/eloficio.cl\/#website","url":"https:\/\/eloficio.cl\/","name":"El Oficio","description":"","publisher":{"@id":"https:\/\/eloficio.cl\/#organization"},"potentialAction":[{"@type":"SearchAction","target":{"@type":"EntryPoint","urlTemplate":"https:\/\/eloficio.cl\/?s={search_term_string}"},"query-input":{"@type":"PropertyValueSpecification","valueRequired":true,"valueName":"search_term_string"}}],"inLanguage":"es"},{"@type":"Organization","@id":"https:\/\/eloficio.cl\/#organization","name":"El Oficio","url":"https:\/\/eloficio.cl\/","logo":{"@type":"ImageObject","inLanguage":"es","@id":"https:\/\/eloficio.cl\/#\/schema\/logo\/image\/","url":"https:\/\/eloficio.cl\/wp-content\/uploads\/2025\/07\/Logotipo_El_Oficio_Baja.png","contentUrl":"https:\/\/eloficio.cl\/wp-content\/uploads\/2025\/07\/Logotipo_El_Oficio_Baja.png","width":546,"height":145,"caption":"El Oficio"},"image":{"@id":"https:\/\/eloficio.cl\/#\/schema\/logo\/image\/"},"sameAs":["https:\/\/www.linkedin.com\/company\/el-oficio-cl\/"]}]}},"_links":{"self":[{"href":"https:\/\/eloficio.cl\/index.php\/wp-json\/wp\/v2\/pages\/2","targetHints":{"allow":["GET"]}}],"collection":[{"href":"https:\/\/eloficio.cl\/index.php\/wp-json\/wp\/v2\/pages"}],"about":[{"href":"https:\/\/eloficio.cl\/index.php\/wp-json\/wp\/v2\/types\/page"}],"author":[{"embeddable":true,"href":"https:\/\/eloficio.cl\/index.php\/wp-json\/wp\/v2\/users\/1"}],"replies":[{"embeddable":true,"href":"https:\/\/eloficio.cl\/index.php\/wp-json\/wp\/v2\/comments?post=2"}],"version-history":[{"count":97,"href":"https:\/\/eloficio.cl\/index.php\/wp-json\/wp\/v2\/pages\/2\/revisions"}],"predecessor-version":[{"id":838,"href":"https:\/\/eloficio.cl\/index.php\/wp-json\/wp\/v2\/pages\/2\/revisions\/838"}],"wp:attachment":[{"href":"https:\/\/eloficio.cl\/index.php\/wp-json\/wp\/v2\/media?parent=2"}],"curies":[{"name":"wp","href":"https:\/\/api.w.org\/{rel}","templated":true}]}}